{"id":9257,"date":"2022-10-08T16:50:35","date_gmt":"2022-10-08T16:50:35","guid":{"rendered":"http:\/\/drdongclinic.self.in.rs\/?page_id=9257"},"modified":"2026-02-04T12:08:31","modified_gmt":"2026-02-04T12:08:31","slug":"dr-dong-clinic-website-media-and-events","status":"publish","type":"page","link":"https:\/\/drdongclinic.viixdigital.ch\/en\/dr-dong-clinic-website-media-and-events\/","title":{"rendered":"Clinique Dr Dong website &#8211; Media et Events"},"content":{"rendered":"<div data-elementor-type=\"wp-page\" data-elementor-id=\"9257\" class=\"elementor elementor-9257\" data-elementor-post-type=\"page\">\n\t\t\t\t<div class=\"elementor-element elementor-element-30a8a7e9 e-flex e-con-boxed e-con e-parent\" data-id=\"30a8a7e9\" data-element_type=\"container\" data-e-type=\"container\">\n\t\t\t\t\t<div class=\"e-con-inner\">\n\t\t\t\t<div class=\"elementor-element elementor-element-5daf76b elementor-widget elementor-widget-heading\" data-id=\"5daf76b\" data-element_type=\"widget\" data-e-type=\"widget\" data-widget_type=\"heading.default\">\n\t\t\t\t\t<h3 class=\"elementor-heading-title elementor-size-default\">updates<\/h3>\t\t\t\t<\/div>\n\t\t\t\t<div class=\"elementor-element elementor-element-00b2b00 elementor-widget elementor-widget-heading\" data-id=\"00b2b00\" data-element_type=\"widget\" data-e-type=\"widget\" data-widget_type=\"heading.default\">\n\t\t\t\t\t<h2 class=\"elementor-heading-title elementor-size-default\">News &#038; Events<\/h2>\t\t\t\t<\/div>\n\t\t\t\t<div class=\"elementor-element elementor-element-096ab32 elementor-widget elementor-widget-text-editor\" data-id=\"096ab32\" data-element_type=\"widget\" data-e-type=\"widget\" data-widget_type=\"text-editor.default\">\n\t\t\t\t\t\t\t\t\t<p>Recent news, updates on our clinic, and highlights from press releases.<\/p><p><br \/>Click on the image to browse the news.<\/p>\t\t\t\t\t\t\t\t<\/div>\n\t\t\t\t<div class=\"elementor-element elementor-element-a265c77 elementor-widget elementor-widget-image\" data-id=\"a265c77\" data-element_type=\"widget\" data-e-type=\"widget\" data-widget_type=\"image.default\">\n\t\t\t\t\t\t\t\t\t\t\t\t\t\t\t<img fetchpriority=\"high\" decoding=\"async\" width=\"1920\" height=\"2560\" src=\"https:\/\/drdongclinic.viixdigital.ch\/wp-content\/uploads\/2025\/10\/5-scaled-1.jpg\" class=\"attachment-full size-full wp-image-9826\" alt=\"\" srcset=\"https:\/\/drdongclinic.viixdigital.ch\/wp-content\/uploads\/2025\/10\/5-scaled-1.jpg 1920w, https:\/\/drdongclinic.viixdigital.ch\/wp-content\/uploads\/2025\/10\/5-scaled-1-225x300.jpg 225w, https:\/\/drdongclinic.viixdigital.ch\/wp-content\/uploads\/2025\/10\/5-scaled-1-768x1024.jpg 768w, https:\/\/drdongclinic.viixdigital.ch\/wp-content\/uploads\/2025\/10\/5-scaled-1-1152x1536.jpg 1152w, https:\/\/drdongclinic.viixdigital.ch\/wp-content\/uploads\/2025\/10\/5-scaled-1-1536x2048.jpg 1536w, https:\/\/drdongclinic.viixdigital.ch\/wp-content\/uploads\/2025\/10\/5-scaled-1-1080x1440.jpg 1080w, https:\/\/drdongclinic.viixdigital.ch\/wp-content\/uploads\/2025\/10\/5-scaled-1-1280x1707.jpg 1280w, https:\/\/drdongclinic.viixdigital.ch\/wp-content\/uploads\/2025\/10\/5-scaled-1-980x1307.jpg 980w, https:\/\/drdongclinic.viixdigital.ch\/wp-content\/uploads\/2025\/10\/5-scaled-1-480x640.jpg 480w\" sizes=\"(max-width: 1920px) 100vw, 1920px\" \/>\t\t\t\t\t\t\t\t\t\t\t\t\t\t\t<\/div>\n\t\t\t\t\t<\/div>\n\t\t\t\t<\/div>\n\t\t\t\t<\/div>","protected":false},"excerpt":{"rendered":"<p>mises \u00e0 jour Nouvelles et \u00e9v\u00e9nements Nouvelles r\u00e9centes, mises \u00e0 jour de l&rsquo;information de notre clinique et points saillants des communiqu\u00e9s de presse. Cliquez sur l&rsquo;image pour parcourir les nouvelles.<\/p>","protected":false},"author":1,"featured_media":0,"parent":0,"menu_order":0,"comment_status":"closed","ping_status":"closed","template":"","meta":{"footnotes":""},"class_list":["post-9257","page","type-page","status-publish","hentry"],"yoast_head":"<!-- This site is optimized with the Yoast SEO plugin v26.9 - https:\/\/yoast.com\/product\/yoast-seo-wordpress\/ -->\n<title>Clinique Dr Dong website - Media et Events - Clinique Dr. Dong<\/title>\n<meta name=\"robots\" content=\"index, follow, max-snippet:-1, max-image-preview:large, max-video-preview:-1\" \/>\n<link rel=\"canonical\" href=\"https:\/\/drdongclinic.viixdigital.ch\/en\/dr-dong-clinic-website-media-and-events\/\" \/>\n<meta property=\"og:locale\" content=\"en_US\" \/>\n<meta property=\"og:type\" content=\"article\" \/>\n<meta property=\"og:title\" content=\"Clinique Dr Dong website - Media et Events - Clinique Dr. Dong\" \/>\n<meta property=\"og:description\" content=\"mises \u00e0 jour Nouvelles et \u00e9v\u00e9nements Nouvelles r\u00e9centes, mises \u00e0 jour de l&rsquo;information de notre clinique et points saillants des communiqu\u00e9s de presse. Cliquez sur l&rsquo;image pour parcourir les nouvelles.\" \/>\n<meta property=\"og:url\" content=\"https:\/\/drdongclinic.viixdigital.ch\/en\/dr-dong-clinic-website-media-and-events\/\" \/>\n<meta property=\"og:site_name\" content=\"Clinique Dr. Dong\" \/>\n<meta property=\"article:publisher\" content=\"https:\/\/www.facebook.com\/clinicdudrdong\" \/>\n<meta property=\"article:modified_time\" content=\"2026-02-04T12:08:31+00:00\" \/>\n<meta property=\"og:image\" content=\"https:\/\/drdongclinic.ch\/wp-content\/uploads\/2025\/10\/5-scaled-1.jpg\" \/>\n<meta name=\"twitter:card\" content=\"summary_large_image\" \/>\n<meta name=\"twitter:label1\" content=\"Est. reading time\" \/>\n\t<meta name=\"twitter:data1\" content=\"1 minute\" \/>\n<script type=\"application\/ld+json\" class=\"yoast-schema-graph\">{\"@context\":\"https:\/\/schema.org\",\"@graph\":[{\"@type\":\"WebPage\",\"@id\":\"https:\/\/drdongclinic.viixdigital.ch\/dr-dong-clinic-website-media-and-events\/\",\"url\":\"https:\/\/drdongclinic.viixdigital.ch\/dr-dong-clinic-website-media-and-events\/\",\"name\":\"Clinique Dr Dong website - Media et Events - Clinique Dr. Dong\",\"isPartOf\":{\"@id\":\"https:\/\/drdongclinic.viixdigital.ch\/#website\"},\"primaryImageOfPage\":{\"@id\":\"https:\/\/drdongclinic.viixdigital.ch\/dr-dong-clinic-website-media-and-events\/#primaryimage\"},\"image\":{\"@id\":\"https:\/\/drdongclinic.viixdigital.ch\/dr-dong-clinic-website-media-and-events\/#primaryimage\"},\"thumbnailUrl\":\"https:\/\/drdongclinic.ch\/wp-content\/uploads\/2025\/10\/5-scaled-1.jpg\",\"datePublished\":\"2022-10-08T16:50:35+00:00\",\"dateModified\":\"2026-02-04T12:08:31+00:00\",\"inLanguage\":\"en-US\",\"potentialAction\":[{\"@type\":\"ReadAction\",\"target\":[\"https:\/\/drdongclinic.viixdigital.ch\/dr-dong-clinic-website-media-and-events\/\"]}]},{\"@type\":\"ImageObject\",\"inLanguage\":\"en-US\",\"@id\":\"https:\/\/drdongclinic.viixdigital.ch\/dr-dong-clinic-website-media-and-events\/#primaryimage\",\"url\":\"https:\/\/drdongclinic.ch\/wp-content\/uploads\/2025\/10\/5-scaled-1.jpg\",\"contentUrl\":\"https:\/\/drdongclinic.ch\/wp-content\/uploads\/2025\/10\/5-scaled-1.jpg\"},{\"@type\":\"WebSite\",\"@id\":\"https:\/\/drdongclinic.viixdigital.ch\/#website\",\"url\":\"https:\/\/drdongclinic.viixdigital.ch\/\",\"name\":\"Clinique Dr. Dong\",\"description\":\"Centre sino-suisse de m\u00e9decine chinoise\",\"publisher\":{\"@id\":\"https:\/\/drdongclinic.viixdigital.ch\/#organization\"},\"potentialAction\":[{\"@type\":\"SearchAction\",\"target\":{\"@type\":\"EntryPoint\",\"urlTemplate\":\"https:\/\/drdongclinic.viixdigital.ch\/?s={search_term_string}\"},\"query-input\":{\"@type\":\"PropertyValueSpecification\",\"valueRequired\":true,\"valueName\":\"search_term_string\"}}],\"inLanguage\":\"en-US\"},{\"@type\":\"Organization\",\"@id\":\"https:\/\/drdongclinic.viixdigital.ch\/#organization\",\"name\":\"Clinique Dr. Dong\",\"url\":\"https:\/\/drdongclinic.viixdigital.ch\/\",\"logo\":{\"@type\":\"ImageObject\",\"inLanguage\":\"en-US\",\"@id\":\"https:\/\/drdongclinic.viixdigital.ch\/#\/schema\/logo\/image\/\",\"url\":\"https:\/\/drdongclinic.ch\/wp-content\/uploads\/2025\/10\/DRDONGCLINIC-menu-logo.png\",\"contentUrl\":\"https:\/\/drdongclinic.ch\/wp-content\/uploads\/2025\/10\/DRDONGCLINIC-menu-logo.png\",\"width\":751,\"height\":236,\"caption\":\"Clinique Dr. Dong\"},\"image\":{\"@id\":\"https:\/\/drdongclinic.viixdigital.ch\/#\/schema\/logo\/image\/\"},\"sameAs\":[\"https:\/\/www.facebook.com\/clinicdudrdong\",\"https:\/\/www.instagram.com\/clinicdudrdong\/\",\"https:\/\/www.linkedin.com\/company\/dr-dong-clinic\/\"]}]}<\/script>\n<!-- \/ Yoast SEO plugin. -->","yoast_head_json":{"title":"Dr. Dong Clinic website - Media and Events - Dr. Dong Clinic","robots":{"index":"index","follow":"follow","max-snippet":"max-snippet:-1","max-image-preview":"max-image-preview:large","max-video-preview":"max-video-preview:-1"},"canonical":"https:\/\/drdongclinic.viixdigital.ch\/en\/dr-dong-clinic-website-media-and-events\/","og_locale":"en_US","og_type":"article","og_title":"Clinique Dr Dong website - Media et Events - Clinique Dr. Dong","og_description":"mises \u00e0 jour Nouvelles et \u00e9v\u00e9nements Nouvelles r\u00e9centes, mises \u00e0 jour de l&rsquo;information de notre clinique et points saillants des communiqu\u00e9s de presse. Cliquez sur l&rsquo;image pour parcourir les nouvelles.","og_url":"https:\/\/drdongclinic.viixdigital.ch\/en\/dr-dong-clinic-website-media-and-events\/","og_site_name":"Clinique Dr. Dong","article_publisher":"https:\/\/www.facebook.com\/clinicdudrdong","article_modified_time":"2026-02-04T12:08:31+00:00","og_image":[{"url":"https:\/\/drdongclinic.ch\/wp-content\/uploads\/2025\/10\/5-scaled-1.jpg","type":"","width":"","height":""}],"twitter_card":"summary_large_image","twitter_misc":{"Est. reading time":"1 minute"},"schema":{"@context":"https:\/\/schema.org","@graph":[{"@type":"WebPage","@id":"https:\/\/drdongclinic.viixdigital.ch\/dr-dong-clinic-website-media-and-events\/","url":"https:\/\/drdongclinic.viixdigital.ch\/dr-dong-clinic-website-media-and-events\/","name":"Dr. Dong Clinic website - Media and Events - Dr. Dong Clinic","isPartOf":{"@id":"https:\/\/drdongclinic.viixdigital.ch\/#website"},"primaryImageOfPage":{"@id":"https:\/\/drdongclinic.viixdigital.ch\/dr-dong-clinic-website-media-and-events\/#primaryimage"},"image":{"@id":"https:\/\/drdongclinic.viixdigital.ch\/dr-dong-clinic-website-media-and-events\/#primaryimage"},"thumbnailUrl":"https:\/\/drdongclinic.ch\/wp-content\/uploads\/2025\/10\/5-scaled-1.jpg","datePublished":"2022-10-08T16:50:35+00:00","dateModified":"2026-02-04T12:08:31+00:00","inLanguage":"en-US","potentialAction":[{"@type":"ReadAction","target":["https:\/\/drdongclinic.viixdigital.ch\/dr-dong-clinic-website-media-and-events\/"]}]},{"@type":"ImageObject","inLanguage":"en-US","@id":"https:\/\/drdongclinic.viixdigital.ch\/dr-dong-clinic-website-media-and-events\/#primaryimage","url":"https:\/\/drdongclinic.ch\/wp-content\/uploads\/2025\/10\/5-scaled-1.jpg","contentUrl":"https:\/\/drdongclinic.ch\/wp-content\/uploads\/2025\/10\/5-scaled-1.jpg"},{"@type":"WebSite","@id":"https:\/\/drdongclinic.viixdigital.ch\/#website","url":"https:\/\/drdongclinic.viixdigital.ch\/","name":"Dr.Dong Clinic","description":"Sino-Swiss Center for Chinese Medicine","publisher":{"@id":"https:\/\/drdongclinic.viixdigital.ch\/#organization"},"potentialAction":[{"@type":"SearchAction","target":{"@type":"EntryPoint","urlTemplate":"https:\/\/drdongclinic.viixdigital.ch\/?s={search_term_string}"},"query-input":{"@type":"PropertyValueSpecification","valueRequired":true,"valueName":"search_term_string"}}],"inLanguage":"en-US"},{"@type":"Organization","@id":"https:\/\/drdongclinic.viixdigital.ch\/#organization","name":"Dr.Dong Clinic","url":"https:\/\/drdongclinic.viixdigital.ch\/","logo":{"@type":"ImageObject","inLanguage":"en-US","@id":"https:\/\/drdongclinic.viixdigital.ch\/#\/schema\/logo\/image\/","url":"https:\/\/drdongclinic.ch\/wp-content\/uploads\/2025\/10\/DRDONGCLINIC-menu-logo.png","contentUrl":"https:\/\/drdongclinic.ch\/wp-content\/uploads\/2025\/10\/DRDONGCLINIC-menu-logo.png","width":751,"height":236,"caption":"Clinique Dr. Dong"},"image":{"@id":"https:\/\/drdongclinic.viixdigital.ch\/#\/schema\/logo\/image\/"},"sameAs":["https:\/\/www.facebook.com\/clinicdudrdong","https:\/\/www.instagram.com\/clinicdudrdong\/","https:\/\/www.linkedin.com\/company\/dr-dong-clinic\/"]}]}},"_links":{"self":[{"href":"https:\/\/drdongclinic.viixdigital.ch\/en\/wp-json\/wp\/v2\/pages\/9257","targetHints":{"allow":["GET"]}}],"collection":[{"href":"https:\/\/drdongclinic.viixdigital.ch\/en\/wp-json\/wp\/v2\/pages"}],"about":[{"href":"https:\/\/drdongclinic.viixdigital.ch\/en\/wp-json\/wp\/v2\/types\/page"}],"author":[{"embeddable":true,"href":"https:\/\/drdongclinic.viixdigital.ch\/en\/wp-json\/wp\/v2\/users\/1"}],"replies":[{"embeddable":true,"href":"https:\/\/drdongclinic.viixdigital.ch\/en\/wp-json\/wp\/v2\/comments?post=9257"}],"version-history":[{"count":0,"href":"https:\/\/drdongclinic.viixdigital.ch\/en\/wp-json\/wp\/v2\/pages\/9257\/revisions"}],"wp:attachment":[{"href":"https:\/\/drdongclinic.viixdigital.ch\/en\/wp-json\/wp\/v2\/media?parent=9257"}],"curies":[{"name":"wp","href":"https:\/\/api.w.org\/{rel}","templated":true}]}}